{"id":23,"date":"2018-02-20T08:25:33","date_gmt":"2018-02-20T08:25:33","guid":{"rendered":"http:\/\/i-washmycar.com\/index.php\/impressum\/"},"modified":"2018-02-22T15:03:24","modified_gmt":"2018-02-22T15:03:24","slug":"impressum","status":"publish","type":"page","link":"http:\/\/i-washmycar.com\/index.php\/impressum\/","title":{"rendered":"Impressum"},"content":{"rendered":"<p>RS SB Wasch Hungen GbR,<br \/>\nInhaber: Thomas Sachs<\/p>\n<p>Alemannenstr. 4<br \/>\n63674 Altenstadt<\/p>\n<p>Telefonnummer: 0179\/1009202<\/p>\n<p>E-Mailadresse:\u00a0info @ i-washmycar.com<\/p>\n<p>Umsatzsteuer-Identifikationsnummer: DE 314 799 583<\/p>\n<p>&nbsp;<\/p>\n<p><b>Legal Disclaimer \/ Haftungsausschluss:<\/b><\/p>\n<p>Inhaltlich Verantwortlicher gem\u00e4\u00df \u00a76 MDStV: Thomas Sachs<\/p>\n<p>Layout\/Programmierung: T. Sachs<\/p>\n<p>T.Sachs pr\u00fcft und aktualisiert die Informationen der eigenen Homepage regelm\u00e4\u00dfig mit aller Sorgfalt. Trotzdem kann f\u00fcr die Aktualit\u00e4t, Richtigkeit und Vollst\u00e4ndigkeit der Informationen keine Haftung oder Garantie \u00fcbernommen werden.<\/p>\n<p>Externe Links auf der Homepage f\u00fchren zu Inhalten fremder Anbieter und sind als solche gekennzeichnet.<br \/>\nF\u00fcr diese Links gilt: Mit Bezug auf das Urteil des Landgerichts Hamburg vom 12.05.1998 distanziert sich T. Sachs ausdr\u00fccklich von allen Inhalten aller gelinkten Seiten auf der gesamten Homepage und betont ausdr\u00fccklich, dass kein Einfluss auf die Gestaltung und den Inhalt der gelinkten Seiten besteht. F\u00fcr die Inhalte ist der jeweilige Anbieter verantwortlich.<\/p>\n<p>Copyright \/ Urheberrecht:Gestaltung, Layout sowie die Ver\u00f6ffentlichungen auf der Homepage unterliegen dem deutschen Urheberrecht. Jede Art der Verwendung au\u00dferhalb der gesetzlichen Bestimmungen des Urheberrechts bedarf einer schriftlichen Erlaubnis. Kopien der Seiten sind nicht gestattet. Alle benutzten Warennamen sind m\u00f6glicherweise registrierte Warenzeichen und werden ohne die Gew\u00e4hrleistung freier Verwendbarkeit benutzt.<\/p>\n","protected":false},"excerpt":{"rendered":"<p>RS SB Wasch Hungen GbR, Inhaber: Thomas Sachs Alemannenstr. 4 63674 Altenstadt Telefonnummer: 0179\/1009202 E-Mailadresse:\u00a0info @ i-washmycar.com Umsatzsteuer-Identifikationsnummer: DE 314 799 583 &nbsp; Legal Disclaimer \/ Haftungsausschluss: Inhaltlich Verantwortlicher gem\u00e4\u00df \u00a76 MDStV: Thomas Sachs Layout\/Programmierung: T. Sachs T.Sachs pr\u00fcft und aktualisiert die Informationen der eigenen Homepage regelm\u00e4\u00dfig mit aller Sorgfalt. Trotzdem kann f\u00fcr die Aktualit\u00e4t,&hellip; <br \/> <a class=\"read-more\" href=\"http:\/\/i-washmycar.com\/index.php\/impressum\/\">Weiterlesen<\/a><\/p>\n","protected":false},"author":1,"featured_media":0,"parent":0,"menu_order":0,"comment_status":"closed","ping_status":"closed","template":"","meta":{"footnotes":""},"class_list":["post-23","page","type-page","status-publish","hentry"],"yoast_head":"<!-- This site is optimized with the Yoast SEO plugin v27.4 - https:\/\/yoast.com\/product\/yoast-seo-wordpress\/ -->\n<title>Impressum - iWash<\/title>\n<meta name=\"robots\" content=\"index, follow, max-snippet:-1, max-image-preview:large, max-video-preview:-1\" \/>\n<link rel=\"canonical\" href=\"http:\/\/i-washmycar.com\/index.php\/impressum\/\" \/>\n<meta property=\"og:locale\" content=\"de_DE\" \/>\n<meta property=\"og:type\" content=\"article\" \/>\n<meta property=\"og:title\" content=\"Impressum - iWash\" \/>\n<meta property=\"og:description\" content=\"RS SB Wasch Hungen GbR, Inhaber: Thomas Sachs Alemannenstr. 4 63674 Altenstadt Telefonnummer: 0179\/1009202 E-Mailadresse:\u00a0info @ i-washmycar.com Umsatzsteuer-Identifikationsnummer: DE 314 799 583 &nbsp; Legal Disclaimer \/ Haftungsausschluss: Inhaltlich Verantwortlicher gem\u00e4\u00df \u00a76 MDStV: Thomas Sachs Layout\/Programmierung: T. Sachs T.Sachs pr\u00fcft und aktualisiert die Informationen der eigenen Homepage regelm\u00e4\u00dfig mit aller Sorgfalt. Trotzdem kann f\u00fcr die Aktualit\u00e4t,&hellip; Weiterlesen\" \/>\n<meta property=\"og:url\" content=\"http:\/\/i-washmycar.com\/index.php\/impressum\/\" \/>\n<meta property=\"og:site_name\" content=\"iWash\" \/>\n<meta property=\"article:modified_time\" content=\"2018-02-22T15:03:24+00:00\" \/>\n<meta name=\"twitter:card\" content=\"summary_large_image\" \/>\n<meta name=\"twitter:label1\" content=\"Gesch\u00e4tzte Lesezeit\" \/>\n\t<meta name=\"twitter:data1\" content=\"1\u00a0Minute\" \/>\n<script type=\"application\/ld+json\" class=\"yoast-schema-graph\">{\"@context\":\"https:\\\/\\\/schema.org\",\"@graph\":[{\"@type\":\"WebPage\",\"@id\":\"http:\\\/\\\/i-washmycar.com\\\/index.php\\\/impressum\\\/\",\"url\":\"http:\\\/\\\/i-washmycar.com\\\/index.php\\\/impressum\\\/\",\"name\":\"Impressum - iWash\",\"isPartOf\":{\"@id\":\"http:\\\/\\\/i-washmycar.com\\\/#website\"},\"datePublished\":\"2018-02-20T08:25:33+00:00\",\"dateModified\":\"2018-02-22T15:03:24+00:00\",\"breadcrumb\":{\"@id\":\"http:\\\/\\\/i-washmycar.com\\\/index.php\\\/impressum\\\/#breadcrumb\"},\"inLanguage\":\"de\",\"potentialAction\":[{\"@type\":\"ReadAction\",\"target\":[\"http:\\\/\\\/i-washmycar.com\\\/index.php\\\/impressum\\\/\"]}]},{\"@type\":\"BreadcrumbList\",\"@id\":\"http:\\\/\\\/i-washmycar.com\\\/index.php\\\/impressum\\\/#breadcrumb\",\"itemListElement\":[{\"@type\":\"ListItem\",\"position\":1,\"name\":\"Startseite\",\"item\":\"http:\\\/\\\/i-washmycar.com\\\/\"},{\"@type\":\"ListItem\",\"position\":2,\"name\":\"Impressum\"}]},{\"@type\":\"WebSite\",\"@id\":\"http:\\\/\\\/i-washmycar.com\\\/#website\",\"url\":\"http:\\\/\\\/i-washmycar.com\\\/\",\"name\":\"iWash\",\"description\":\"RS SB Wasch Hungen GbR\",\"publisher\":{\"@id\":\"http:\\\/\\\/i-washmycar.com\\\/#organization\"},\"potentialAction\":[{\"@type\":\"SearchAction\",\"target\":{\"@type\":\"EntryPoint\",\"urlTemplate\":\"http:\\\/\\\/i-washmycar.com\\\/?s={search_term_string}\"},\"query-input\":{\"@type\":\"PropertyValueSpecification\",\"valueRequired\":true,\"valueName\":\"search_term_string\"}}],\"inLanguage\":\"de\"},{\"@type\":\"Organization\",\"@id\":\"http:\\\/\\\/i-washmycar.com\\\/#organization\",\"name\":\"iWash\",\"url\":\"http:\\\/\\\/i-washmycar.com\\\/\",\"logo\":{\"@type\":\"ImageObject\",\"inLanguage\":\"de\",\"@id\":\"http:\\\/\\\/i-washmycar.com\\\/#\\\/schema\\\/logo\\\/image\\\/\",\"url\":\"http:\\\/\\\/i-washmycar.com\\\/wp-content\\\/uploads\\\/2018\\\/02\\\/cropped-Logo-1.png\",\"contentUrl\":\"http:\\\/\\\/i-washmycar.com\\\/wp-content\\\/uploads\\\/2018\\\/02\\\/cropped-Logo-1.png\",\"width\":1632,\"height\":787,\"caption\":\"iWash\"},\"image\":{\"@id\":\"http:\\\/\\\/i-washmycar.com\\\/#\\\/schema\\\/logo\\\/image\\\/\"}}]}<\/script>\n<!-- \/ Yoast SEO plugin. -->","yoast_head_json":{"title":"Impressum - iWash","robots":{"index":"index","follow":"follow","max-snippet":"max-snippet:-1","max-image-preview":"max-image-preview:large","max-video-preview":"max-video-preview:-1"},"canonical":"http:\/\/i-washmycar.com\/index.php\/impressum\/","og_locale":"de_DE","og_type":"article","og_title":"Impressum - iWash","og_description":"RS SB Wasch Hungen GbR, Inhaber: Thomas Sachs Alemannenstr. 4 63674 Altenstadt Telefonnummer: 0179\/1009202 E-Mailadresse:\u00a0info @ i-washmycar.com Umsatzsteuer-Identifikationsnummer: DE 314 799 583 &nbsp; Legal Disclaimer \/ Haftungsausschluss: Inhaltlich Verantwortlicher gem\u00e4\u00df \u00a76 MDStV: Thomas Sachs Layout\/Programmierung: T. Sachs T.Sachs pr\u00fcft und aktualisiert die Informationen der eigenen Homepage regelm\u00e4\u00dfig mit aller Sorgfalt. Trotzdem kann f\u00fcr die Aktualit\u00e4t,&hellip; Weiterlesen","og_url":"http:\/\/i-washmycar.com\/index.php\/impressum\/","og_site_name":"iWash","article_modified_time":"2018-02-22T15:03:24+00:00","twitter_card":"summary_large_image","twitter_misc":{"Gesch\u00e4tzte Lesezeit":"1\u00a0Minute"},"schema":{"@context":"https:\/\/schema.org","@graph":[{"@type":"WebPage","@id":"http:\/\/i-washmycar.com\/index.php\/impressum\/","url":"http:\/\/i-washmycar.com\/index.php\/impressum\/","name":"Impressum - iWash","isPartOf":{"@id":"http:\/\/i-washmycar.com\/#website"},"datePublished":"2018-02-20T08:25:33+00:00","dateModified":"2018-02-22T15:03:24+00:00","breadcrumb":{"@id":"http:\/\/i-washmycar.com\/index.php\/impressum\/#breadcrumb"},"inLanguage":"de","potentialAction":[{"@type":"ReadAction","target":["http:\/\/i-washmycar.com\/index.php\/impressum\/"]}]},{"@type":"BreadcrumbList","@id":"http:\/\/i-washmycar.com\/index.php\/impressum\/#breadcrumb","itemListElement":[{"@type":"ListItem","position":1,"name":"Startseite","item":"http:\/\/i-washmycar.com\/"},{"@type":"ListItem","position":2,"name":"Impressum"}]},{"@type":"WebSite","@id":"http:\/\/i-washmycar.com\/#website","url":"http:\/\/i-washmycar.com\/","name":"iWash","description":"RS SB Wasch Hungen GbR","publisher":{"@id":"http:\/\/i-washmycar.com\/#organization"},"potentialAction":[{"@type":"SearchAction","target":{"@type":"EntryPoint","urlTemplate":"http:\/\/i-washmycar.com\/?s={search_term_string}"},"query-input":{"@type":"PropertyValueSpecification","valueRequired":true,"valueName":"search_term_string"}}],"inLanguage":"de"},{"@type":"Organization","@id":"http:\/\/i-washmycar.com\/#organization","name":"iWash","url":"http:\/\/i-washmycar.com\/","logo":{"@type":"ImageObject","inLanguage":"de","@id":"http:\/\/i-washmycar.com\/#\/schema\/logo\/image\/","url":"http:\/\/i-washmycar.com\/wp-content\/uploads\/2018\/02\/cropped-Logo-1.png","contentUrl":"http:\/\/i-washmycar.com\/wp-content\/uploads\/2018\/02\/cropped-Logo-1.png","width":1632,"height":787,"caption":"iWash"},"image":{"@id":"http:\/\/i-washmycar.com\/#\/schema\/logo\/image\/"}}]}},"_links":{"self":[{"href":"http:\/\/i-washmycar.com\/index.php\/wp-json\/wp\/v2\/pages\/23","targetHints":{"allow":["GET"]}}],"collection":[{"href":"http:\/\/i-washmycar.com\/index.php\/wp-json\/wp\/v2\/pages"}],"about":[{"href":"http:\/\/i-washmycar.com\/index.php\/wp-json\/wp\/v2\/types\/page"}],"author":[{"embeddable":true,"href":"http:\/\/i-washmycar.com\/index.php\/wp-json\/wp\/v2\/users\/1"}],"replies":[{"embeddable":true,"href":"http:\/\/i-washmycar.com\/index.php\/wp-json\/wp\/v2\/comments?post=23"}],"version-history":[{"count":11,"href":"http:\/\/i-washmycar.com\/index.php\/wp-json\/wp\/v2\/pages\/23\/revisions"}],"predecessor-version":[{"id":340,"href":"http:\/\/i-washmycar.com\/index.php\/wp-json\/wp\/v2\/pages\/23\/revisions\/340"}],"wp:attachment":[{"href":"http:\/\/i-washmycar.com\/index.php\/wp-json\/wp\/v2\/media?parent=23"}],"curies":[{"name":"wp","href":"https:\/\/api.w.org\/{rel}","templated":true}]}}