{"id":28,"date":"2018-02-20T08:25:33","date_gmt":"2018-02-20T08:25:33","guid":{"rendered":"http:\/\/i-washmycar.com\/index.php\/zahlungsweisen\/"},"modified":"2018-02-20T08:25:33","modified_gmt":"2018-02-20T08:25:33","slug":"zahlungsweisen","status":"publish","type":"page","link":"http:\/\/i-washmycar.com\/index.php\/zahlungsweisen\/","title":{"rendered":"Zahlungsweisen"},"content":{"rendered":"<p><strong>Haftungshinweis und Lizenz: Das nachstehende Muster ist von einem Rechtsanwalt erstellt worden (http:\/\/rechtsanwalt-schwenke.de). Sie entspricht den rechtlichen Anforderungen eines typischen, an Verbraucher gerichteten Onlineshops. Jedoch sollten Sie das Muster nur nach sorgf\u00e4ltiger Pr\u00fcfung und Anpassung auf Ihr konkretes Gesch\u00e4ftsmodell verwenden. Die Klauseln k\u00f6nnen in bestimmten Konstellationen nicht ausreichend sein. Lassen Sie sich im Zweifel rechtlich beraten.<\/strong><\/p>\n<p><strong>Das Muster ist urheberrechtlich gesch\u00fctzt und deren Nutzung nur im Rahmen der German Market-Lizenz innerhalb des Shops erlaubt. D.h. das Muster darf z.B. nicht auf anderen Websites verwendet werden.<\/strong><\/p>\n<p><strong>Bearbeitungshinweis: Bitte beachten Sie die Hinweise in den eckigen Klammern und erg\u00e4nzen diese, sofern erforderlich, durch eigene Angaben.<\/strong><\/p>\n<p><strong>Zahlungsarten<\/strong><\/p>\n<p>Wir bieten Ihnen folgende Zahlungsarten an. Suchen Sie sich einfach die f&uuml;r Sie optimale Zahlart aus. Die Versandkosten sind teilweise abh&auml;ngig von der gew&auml;hlten Zahlungsart. Die in den jeweiligen Angeboten angef&uuml;hrten Preise stellen Endpreise dar. Sie beinhalten alle Preisbestandteile einschlie&szlig;lich etwaig anfallender Steuern wie Mehrwertsteuer. Nur bei grenz&uuml;berschreitender Lieferung k&ouml;nnen im Einzelfall weitere Steuern (z.B. im Falle eines innergemeinschaftlichen Erwerbs) und\/oder Abgaben (z.B. Z&ouml;lle) von Ihnen zu zahlen sein, jedoch nicht an den Verk&auml;ufer, sondern an die dort zust&auml;ndigen Zoll- bzw. Steuerbeh&ouml;rden. Die anfallenden Liefer- und Versandkosten sind nicht im Kaufpreis enthalten, sie sind &uuml;ber die Seite \u201eVersandkosten\u201c aufrufbar, werden im Laufe des Bestellvorganges gesondert ausgewiesen und sind von Ihnen zus&auml;tzlich zu tragen.<\/p>\n<p><em>Nachnahme<\/em><\/p>\n<p>Bitte halten Sie den Rechnungsbetrag bereit; der Zusteller kassiert bei Lieferung in bar (keine Schecks). Bei Nachnahme fallen zus&auml;tzlich [6,50 EUR Nachnahmegeb&uuml;hren] an, die direkt an den Paketzusteller zu entrichten sind.<\/p>\n<p><em>Lastschrift<\/em><\/p>\n<p>Wir ziehen den Rechnungsbetrag Ihrer Bestellung von Ihrem hinterlegten Bankkonto nach der get&auml;tigten Bestellung ein. [Plus 2 Euro Geb&uuml;hr]<\/p>\n<p><em>Auf Rechnung<\/em><br \/>\nEinfach bestellen und im Anschlu&szlig; erst bezahlen. [Plus 2 Euro Geb&uuml;hr]<\/p>\n<p><em>Kreditkarte<\/em><\/p>\n<p>Zahlen Sie ganz einfach per Kreditkarte.<\/p>\n<p><em>PayPal<\/em><\/p>\n<p>Noch schneller und sicherer bezahlen mit ihrem PayPal-Konto.<\/p>\n<p><em>Vorkasse<\/em><\/p>\n<p>Kostenloser Versand innerhalb Deutschlands (Au&szlig;er Express-Versand)<\/p>\n<p>Bitte &uuml;berweisen Sie den Gesamtbetrag Ihrer Bestellung auf unser Konto:<\/p>\n<p>Kontoinhaber: Demoshop GmbH &amp; Co.KG<br \/>\nKontonummer: 10000000<br \/>\nBLZ: 222 22 222<br \/>\nKreditinstitut: Bank Demostadt<br \/>\nSWIFT: DELE944834<br \/>\nIBAN: DE12345678910111213<\/p>\n<p><em>Barzahlung<\/em><\/p>\n<p>Bestellen Sie online und holen Sie Ihre Bestellung bei uns im Laden einfach ab:<\/p>\n<p>Demoshop, Demostra&szlig;e 13<br \/>\n12345 Musterstadt, Deutschland<br \/>\nMo &#8211; Fr 8:30 &#8211; 13:00, 14:30 &#8211; 18:00<br \/>\nSa 9:00 &#8211; 13:00<\/p>\n","protected":false},"excerpt":{"rendered":"<p>Haftungshinweis und Lizenz: Das nachstehende Muster ist von einem Rechtsanwalt erstellt worden (http:\/\/rechtsanwalt-schwenke.de). Sie entspricht den rechtlichen Anforderungen eines typischen, an Verbraucher gerichteten Onlineshops. Jedoch sollten Sie das Muster nur nach sorgf\u00e4ltiger Pr\u00fcfung und Anpassung auf Ihr konkretes Gesch\u00e4ftsmodell verwenden. Die Klauseln k\u00f6nnen in bestimmten Konstellationen nicht ausreichend sein. Lassen Sie sich im Zweifel rechtlich&hellip; <br \/> <a class=\"read-more\" href=\"http:\/\/i-washmycar.com\/index.php\/zahlungsweisen\/\">Weiterlesen<\/a><\/p>\n","protected":false},"author":1,"featured_media":0,"parent":0,"menu_order":0,"comment_status":"closed","ping_status":"closed","template":"","meta":{"footnotes":""},"class_list":["post-28","page","type-page","status-publish","hentry"],"yoast_head":"<!-- This site is optimized with the Yoast SEO plugin v27.5 - https:\/\/yoast.com\/product\/yoast-seo-wordpress\/ -->\n<title>Zahlungsweisen - iWash<\/title>\n<meta name=\"robots\" content=\"index, follow, max-snippet:-1, max-image-preview:large, max-video-preview:-1\" \/>\n<link rel=\"canonical\" href=\"http:\/\/i-washmycar.com\/index.php\/zahlungsweisen\/\" \/>\n<meta property=\"og:locale\" content=\"de_DE\" \/>\n<meta property=\"og:type\" content=\"article\" \/>\n<meta property=\"og:title\" content=\"Zahlungsweisen - iWash\" \/>\n<meta property=\"og:description\" content=\"Haftungshinweis und Lizenz: Das nachstehende Muster ist von einem Rechtsanwalt erstellt worden (http:\/\/rechtsanwalt-schwenke.de). Sie entspricht den rechtlichen Anforderungen eines typischen, an Verbraucher gerichteten Onlineshops. Jedoch sollten Sie das Muster nur nach sorgf\u00e4ltiger Pr\u00fcfung und Anpassung auf Ihr konkretes Gesch\u00e4ftsmodell verwenden. Die Klauseln k\u00f6nnen in bestimmten Konstellationen nicht ausreichend sein. Lassen Sie sich im Zweifel rechtlich&hellip; Weiterlesen\" \/>\n<meta property=\"og:url\" content=\"http:\/\/i-washmycar.com\/index.php\/zahlungsweisen\/\" \/>\n<meta property=\"og:site_name\" content=\"iWash\" \/>\n<meta name=\"twitter:card\" content=\"summary_large_image\" \/>\n<meta name=\"twitter:label1\" content=\"Gesch\u00e4tzte Lesezeit\" \/>\n\t<meta name=\"twitter:data1\" content=\"2\u00a0Minuten\" \/>\n<script type=\"application\/ld+json\" class=\"yoast-schema-graph\">{\"@context\":\"https:\\\/\\\/schema.org\",\"@graph\":[{\"@type\":\"WebPage\",\"@id\":\"http:\\\/\\\/i-washmycar.com\\\/index.php\\\/zahlungsweisen\\\/\",\"url\":\"http:\\\/\\\/i-washmycar.com\\\/index.php\\\/zahlungsweisen\\\/\",\"name\":\"Zahlungsweisen - iWash\",\"isPartOf\":{\"@id\":\"https:\\\/\\\/i-washmycar.com\\\/#website\"},\"datePublished\":\"2018-02-20T08:25:33+00:00\",\"breadcrumb\":{\"@id\":\"http:\\\/\\\/i-washmycar.com\\\/index.php\\\/zahlungsweisen\\\/#breadcrumb\"},\"inLanguage\":\"de\",\"potentialAction\":[{\"@type\":\"ReadAction\",\"target\":[\"http:\\\/\\\/i-washmycar.com\\\/index.php\\\/zahlungsweisen\\\/\"]}]},{\"@type\":\"BreadcrumbList\",\"@id\":\"http:\\\/\\\/i-washmycar.com\\\/index.php\\\/zahlungsweisen\\\/#breadcrumb\",\"itemListElement\":[{\"@type\":\"ListItem\",\"position\":1,\"name\":\"Startseite\",\"item\":\"https:\\\/\\\/i-washmycar.com\\\/\"},{\"@type\":\"ListItem\",\"position\":2,\"name\":\"Zahlungsweisen\"}]},{\"@type\":\"WebSite\",\"@id\":\"https:\\\/\\\/i-washmycar.com\\\/#website\",\"url\":\"https:\\\/\\\/i-washmycar.com\\\/\",\"name\":\"iWash\",\"description\":\"RS SB Wasch Hungen GbR\",\"publisher\":{\"@id\":\"https:\\\/\\\/i-washmycar.com\\\/#organization\"},\"potentialAction\":[{\"@type\":\"SearchAction\",\"target\":{\"@type\":\"EntryPoint\",\"urlTemplate\":\"https:\\\/\\\/i-washmycar.com\\\/?s={search_term_string}\"},\"query-input\":{\"@type\":\"PropertyValueSpecification\",\"valueRequired\":true,\"valueName\":\"search_term_string\"}}],\"inLanguage\":\"de\"},{\"@type\":\"Organization\",\"@id\":\"https:\\\/\\\/i-washmycar.com\\\/#organization\",\"name\":\"iWash\",\"url\":\"https:\\\/\\\/i-washmycar.com\\\/\",\"logo\":{\"@type\":\"ImageObject\",\"inLanguage\":\"de\",\"@id\":\"https:\\\/\\\/i-washmycar.com\\\/#\\\/schema\\\/logo\\\/image\\\/\",\"url\":\"http:\\\/\\\/i-washmycar.com\\\/wp-content\\\/uploads\\\/2018\\\/02\\\/cropped-Logo-1.png\",\"contentUrl\":\"http:\\\/\\\/i-washmycar.com\\\/wp-content\\\/uploads\\\/2018\\\/02\\\/cropped-Logo-1.png\",\"width\":1632,\"height\":787,\"caption\":\"iWash\"},\"image\":{\"@id\":\"https:\\\/\\\/i-washmycar.com\\\/#\\\/schema\\\/logo\\\/image\\\/\"}}]}<\/script>\n<!-- \/ Yoast SEO plugin. -->","yoast_head_json":{"title":"Zahlungsweisen - iWash","robots":{"index":"index","follow":"follow","max-snippet":"max-snippet:-1","max-image-preview":"max-image-preview:large","max-video-preview":"max-video-preview:-1"},"canonical":"http:\/\/i-washmycar.com\/index.php\/zahlungsweisen\/","og_locale":"de_DE","og_type":"article","og_title":"Zahlungsweisen - iWash","og_description":"Haftungshinweis und Lizenz: Das nachstehende Muster ist von einem Rechtsanwalt erstellt worden (http:\/\/rechtsanwalt-schwenke.de). Sie entspricht den rechtlichen Anforderungen eines typischen, an Verbraucher gerichteten Onlineshops. Jedoch sollten Sie das Muster nur nach sorgf\u00e4ltiger Pr\u00fcfung und Anpassung auf Ihr konkretes Gesch\u00e4ftsmodell verwenden. Die Klauseln k\u00f6nnen in bestimmten Konstellationen nicht ausreichend sein. Lassen Sie sich im Zweifel rechtlich&hellip; Weiterlesen","og_url":"http:\/\/i-washmycar.com\/index.php\/zahlungsweisen\/","og_site_name":"iWash","twitter_card":"summary_large_image","twitter_misc":{"Gesch\u00e4tzte Lesezeit":"2\u00a0Minuten"},"schema":{"@context":"https:\/\/schema.org","@graph":[{"@type":"WebPage","@id":"http:\/\/i-washmycar.com\/index.php\/zahlungsweisen\/","url":"http:\/\/i-washmycar.com\/index.php\/zahlungsweisen\/","name":"Zahlungsweisen - iWash","isPartOf":{"@id":"https:\/\/i-washmycar.com\/#website"},"datePublished":"2018-02-20T08:25:33+00:00","breadcrumb":{"@id":"http:\/\/i-washmycar.com\/index.php\/zahlungsweisen\/#breadcrumb"},"inLanguage":"de","potentialAction":[{"@type":"ReadAction","target":["http:\/\/i-washmycar.com\/index.php\/zahlungsweisen\/"]}]},{"@type":"BreadcrumbList","@id":"http:\/\/i-washmycar.com\/index.php\/zahlungsweisen\/#breadcrumb","itemListElement":[{"@type":"ListItem","position":1,"name":"Startseite","item":"https:\/\/i-washmycar.com\/"},{"@type":"ListItem","position":2,"name":"Zahlungsweisen"}]},{"@type":"WebSite","@id":"https:\/\/i-washmycar.com\/#website","url":"https:\/\/i-washmycar.com\/","name":"iWash","description":"RS SB Wasch Hungen GbR","publisher":{"@id":"https:\/\/i-washmycar.com\/#organization"},"potentialAction":[{"@type":"SearchAction","target":{"@type":"EntryPoint","urlTemplate":"https:\/\/i-washmycar.com\/?s={search_term_string}"},"query-input":{"@type":"PropertyValueSpecification","valueRequired":true,"valueName":"search_term_string"}}],"inLanguage":"de"},{"@type":"Organization","@id":"https:\/\/i-washmycar.com\/#organization","name":"iWash","url":"https:\/\/i-washmycar.com\/","logo":{"@type":"ImageObject","inLanguage":"de","@id":"https:\/\/i-washmycar.com\/#\/schema\/logo\/image\/","url":"http:\/\/i-washmycar.com\/wp-content\/uploads\/2018\/02\/cropped-Logo-1.png","contentUrl":"http:\/\/i-washmycar.com\/wp-content\/uploads\/2018\/02\/cropped-Logo-1.png","width":1632,"height":787,"caption":"iWash"},"image":{"@id":"https:\/\/i-washmycar.com\/#\/schema\/logo\/image\/"}}]}},"_links":{"self":[{"href":"http:\/\/i-washmycar.com\/index.php\/wp-json\/wp\/v2\/pages\/28","targetHints":{"allow":["GET"]}}],"collection":[{"href":"http:\/\/i-washmycar.com\/index.php\/wp-json\/wp\/v2\/pages"}],"about":[{"href":"http:\/\/i-washmycar.com\/index.php\/wp-json\/wp\/v2\/types\/page"}],"author":[{"embeddable":true,"href":"http:\/\/i-washmycar.com\/index.php\/wp-json\/wp\/v2\/users\/1"}],"replies":[{"embeddable":true,"href":"http:\/\/i-washmycar.com\/index.php\/wp-json\/wp\/v2\/comments?post=28"}],"version-history":[{"count":0,"href":"http:\/\/i-washmycar.com\/index.php\/wp-json\/wp\/v2\/pages\/28\/revisions"}],"wp:attachment":[{"href":"http:\/\/i-washmycar.com\/index.php\/wp-json\/wp\/v2\/media?parent=28"}],"curies":[{"name":"wp","href":"https:\/\/api.w.org\/{rel}","templated":true}]}}