{"id":5,"date":"2018-02-20T08:01:11","date_gmt":"2018-02-20T08:01:11","guid":{"rendered":"http:\/\/i-washmycar.com\/index.php\/mesmerize\/"},"modified":"2025-05-25T11:29:51","modified_gmt":"2025-05-25T11:29:51","slug":"startseite","status":"publish","type":"page","link":"https:\/\/i-washmycar.com\/","title":{"rendered":"Startseite"},"content":{"rendered":"\t\t<div data-elementor-type=\"wp-page\" data-elementor-id=\"5\" class=\"elementor elementor-5\">\n\t\t\t\t\t\t<section class=\"elementor-section elementor-top-section elementor-element elementor-element-68cecd72 elementor-section-boxed elementor-section-height-default elementor-section-height-default\" data-id=\"68cecd72\" data-element_type=\"section\" data-e-type=\"section\">\n\t\t\t\t\t\t<div class=\"elementor-container elementor-column-gap-default\">\n\t\t\t\t\t<div class=\"elementor-column elementor-col-100 elementor-top-column elementor-element elementor-element-5feee9b8\" data-id=\"5feee9b8\" data-element_type=\"column\" data-e-type=\"column\">\n\t\t\t<div class=\"elementor-widget-wrap elementor-element-populated\">\n\t\t\t\t\t\t<div class=\"elementor-element elementor-element-273506d9 elementor-widget elementor-widget-text-editor\" data-id=\"273506d9\" data-element_type=\"widget\" data-e-type=\"widget\" data-widget_type=\"text-editor.default\">\n\t\t\t\t<div class=\"elementor-widget-container\">\n\t\t\t\t\t\t\t\t\t<div id=\"overlappable-4\" class=\"overlappable-4 content-section content-section-spacing\" style=\"background-color: #ffffff; background-image: none;\" data-label=\"Overlappable\" data-id=\"overlappable-4\" data-export-id=\"overlappable-4\" data-category=\"overlappable\" data-overlap=\"true\">\n<div class=\"gridContainer\">\n<div class=\"row spaced-cols text-center\" data-type=\"row\">\n<div class=\"col-xs-12 col-sm-4 col-padding col-md-4 \">\n<div class=\"\" data-type=\"column\">\n<h5 class=\"\"><br><\/h5><h5 class=\"\"><br><\/h5><h5 class=\"\">Keiner kann g\u00fcnstiger!<\/h5>\n<p class=\"\">Autow\u00e4sche ab 0,50 Cent !<\/p>\n<p>F\u00fcr 1\u20ac erhalten Sie 2 Minuten Waschzeit<\/p>\n<\/div>\n<\/div>\n<div class=\"col-xs-12 col-sm-4 col-padding col-md-4 \">\n<div class=\"\" data-type=\"column\">\n<h5 class=\"\"><br><\/h5><h5 class=\"\"><br><\/h5><h5 class=\"\">Keiner kann l\u00e4nger<\/h5>\n<p class=\"\">Unsere Waschboxen sind f\u00fcr Sie<\/p>\n<p>an 6 Tagen die Woche<\/p>\n<p>ge\u00f6ffnet.<\/p>\n<\/div>\n<\/div>\n<div class=\"col-xs-12 col-sm-4 col-padding col-md-4 \">\n<div class=\"\" data-type=\"column\">\n<h5 class=\"\"><br><\/h5><h5 class=\"\"><br><\/h5><h5 class=\"\">Keiner kann mehr!<\/h5>\n<p class=\"\">Mit qualitativ hochwertigen Waschmittel und B\u00fcrsten aus Naturhaar sorgen wir f\u00fcr ein sauberes Auto!<\/p>\n<\/div>\n<\/div>\n<\/div>\n<\/div>\n<\/div>\n<div id=\"content-4\" class=\"content-12 content-section content-section-spacing\" style=\"background-color: #ffffff; background-image: none;\" data-label=\"Content\" data-id=\"content-12\" data-export-id=\"content-12\" data-category=\"content\">\n<div class=\"gridContainer\">\n<div class=\"row text-center\">\n<div class=\"section-title-col\" data-type=\"column\">\n<h2 class=\"\">Unsere Waschanlage<\/h2>\n<p class=\"\">Pro Waschmarke nur 1,- \u20ac bezahlen!<\/p>\n<\/div>\n<\/div>\n<div class=\"row center-xs middle-xs\">\n<div class=\"col-sm-9\" data-type=\"column\">&nbsp;<\/div>\n<\/div>\n<\/div>\n<\/div>\t\t\t\t\t\t\t\t<\/div>\n\t\t\t\t<\/div>\n\t\t\t\t\t<\/div>\n\t\t<\/div>\n\t\t\t\t\t<\/div>\n\t\t<\/section>\n\t\t\t\t<\/div>\n\t\t","protected":false},"excerpt":{"rendered":"","protected":false},"author":1,"featured_media":0,"parent":0,"menu_order":0,"comment_status":"closed","ping_status":"closed","template":"page-templates\/homepage.php","meta":{"footnotes":""},"class_list":["post-5","page","type-page","status-publish","hentry"],"yoast_head":"<!-- This site is optimized with the Yoast SEO plugin v27.5 - https:\/\/yoast.com\/product\/yoast-seo-wordpress\/ -->\n<title>iWash, SB Waschanlage Hungen, Individuelle Fahrzeugw\u00e4sche<\/title>\n<meta name=\"description\" content=\"Bei Iwash erhalten sie eine individuelle Fahrzeugw\u00e4sche. Waschen sie ihr Auto bei iWash. Waschmarken f\u00fcr 0,50\u20ac bestellen, Felgenreiniger f\u00fcr 5,00\u20ac kaufen.iWash, SB Waschanlage Hungen, Individuelle Fahrzeugw\u00e4sche\" \/>\n<meta name=\"robots\" content=\"index, follow, max-snippet:-1, max-image-preview:large, max-video-preview:-1\" \/>\n<link rel=\"canonical\" href=\"http:\/\/i-washmycar.com\/\" \/>\n<meta property=\"og:locale\" content=\"de_DE\" \/>\n<meta property=\"og:type\" content=\"article\" \/>\n<meta property=\"og:title\" content=\"iWash, SB Waschanlage Hungen, Individuelle Fahrzeugw\u00e4sche\" \/>\n<meta property=\"og:description\" content=\"Bei Iwash erhalten sie eine individuelle Fahrzeugw\u00e4sche. Waschen sie ihr Auto bei iWash. Waschmarken f\u00fcr 0,50\u20ac bestellen, Felgenreiniger f\u00fcr 5,00\u20ac kaufen.iWash, SB Waschanlage Hungen, Individuelle Fahrzeugw\u00e4sche\" \/>\n<meta property=\"og:url\" content=\"http:\/\/i-washmycar.com\/\" \/>\n<meta property=\"og:site_name\" content=\"iWash\" \/>\n<meta property=\"article:modified_time\" content=\"2025-05-25T11:29:51+00:00\" \/>\n<meta name=\"twitter:card\" content=\"summary_large_image\" \/>\n<meta name=\"twitter:label1\" content=\"Gesch\u00e4tzte Lesezeit\" \/>\n\t<meta name=\"twitter:data1\" content=\"1\u00a0Minute\" \/>\n<script type=\"application\/ld+json\" class=\"yoast-schema-graph\">{\"@context\":\"https:\\\/\\\/schema.org\",\"@graph\":[{\"@type\":\"WebPage\",\"@id\":\"http:\\\/\\\/i-washmycar.com\\\/\",\"url\":\"http:\\\/\\\/i-washmycar.com\\\/\",\"name\":\"iWash, SB Waschanlage Hungen, Individuelle Fahrzeugw\u00e4sche\",\"isPartOf\":{\"@id\":\"http:\\\/\\\/i-washmycar.com\\\/#website\"},\"datePublished\":\"2018-02-20T08:01:11+00:00\",\"dateModified\":\"2025-05-25T11:29:51+00:00\",\"description\":\"Bei Iwash erhalten sie eine individuelle Fahrzeugw\u00e4sche. Waschen sie ihr Auto bei iWash. Waschmarken f\u00fcr 0,50\u20ac bestellen, Felgenreiniger f\u00fcr 5,00\u20ac kaufen.iWash, SB Waschanlage Hungen, Individuelle Fahrzeugw\u00e4sche\",\"breadcrumb\":{\"@id\":\"http:\\\/\\\/i-washmycar.com\\\/#breadcrumb\"},\"inLanguage\":\"de\",\"potentialAction\":[{\"@type\":\"ReadAction\",\"target\":[\"http:\\\/\\\/i-washmycar.com\\\/\"]}]},{\"@type\":\"BreadcrumbList\",\"@id\":\"http:\\\/\\\/i-washmycar.com\\\/#breadcrumb\",\"itemListElement\":[{\"@type\":\"ListItem\",\"position\":1,\"name\":\"Startseite\",\"item\":\"http:\\\/\\\/i-washmycar.com\\\/\"},{\"@type\":\"ListItem\",\"position\":2,\"name\":\"Startseite\"}]},{\"@type\":\"WebSite\",\"@id\":\"http:\\\/\\\/i-washmycar.com\\\/#website\",\"url\":\"http:\\\/\\\/i-washmycar.com\\\/\",\"name\":\"iWash\",\"description\":\"RS SB Wasch Hungen GbR\",\"publisher\":{\"@id\":\"http:\\\/\\\/i-washmycar.com\\\/#organization\"},\"potentialAction\":[{\"@type\":\"SearchAction\",\"target\":{\"@type\":\"EntryPoint\",\"urlTemplate\":\"http:\\\/\\\/i-washmycar.com\\\/?s={search_term_string}\"},\"query-input\":{\"@type\":\"PropertyValueSpecification\",\"valueRequired\":true,\"valueName\":\"search_term_string\"}}],\"inLanguage\":\"de\"},{\"@type\":\"Organization\",\"@id\":\"http:\\\/\\\/i-washmycar.com\\\/#organization\",\"name\":\"iWash\",\"url\":\"http:\\\/\\\/i-washmycar.com\\\/\",\"logo\":{\"@type\":\"ImageObject\",\"inLanguage\":\"de\",\"@id\":\"http:\\\/\\\/i-washmycar.com\\\/#\\\/schema\\\/logo\\\/image\\\/\",\"url\":\"https:\\\/\\\/i-washmycar.com\\\/wp-content\\\/uploads\\\/2018\\\/02\\\/cropped-Logo-1.png\",\"contentUrl\":\"https:\\\/\\\/i-washmycar.com\\\/wp-content\\\/uploads\\\/2018\\\/02\\\/cropped-Logo-1.png\",\"width\":1632,\"height\":787,\"caption\":\"iWash\"},\"image\":{\"@id\":\"http:\\\/\\\/i-washmycar.com\\\/#\\\/schema\\\/logo\\\/image\\\/\"}}]}<\/script>\n<!-- \/ Yoast SEO plugin. -->","yoast_head_json":{"title":"iWash, SB Waschanlage Hungen, Individuelle Fahrzeugw\u00e4sche","description":"Bei Iwash erhalten sie eine individuelle Fahrzeugw\u00e4sche. Waschen sie ihr Auto bei iWash. Waschmarken f\u00fcr 0,50\u20ac bestellen, Felgenreiniger f\u00fcr 5,00\u20ac kaufen.iWash, SB Waschanlage Hungen, Individuelle Fahrzeugw\u00e4sche","robots":{"index":"index","follow":"follow","max-snippet":"max-snippet:-1","max-image-preview":"max-image-preview:large","max-video-preview":"max-video-preview:-1"},"canonical":"http:\/\/i-washmycar.com\/","og_locale":"de_DE","og_type":"article","og_title":"iWash, SB Waschanlage Hungen, Individuelle Fahrzeugw\u00e4sche","og_description":"Bei Iwash erhalten sie eine individuelle Fahrzeugw\u00e4sche. Waschen sie ihr Auto bei iWash. Waschmarken f\u00fcr 0,50\u20ac bestellen, Felgenreiniger f\u00fcr 5,00\u20ac kaufen.iWash, SB Waschanlage Hungen, Individuelle Fahrzeugw\u00e4sche","og_url":"http:\/\/i-washmycar.com\/","og_site_name":"iWash","article_modified_time":"2025-05-25T11:29:51+00:00","twitter_card":"summary_large_image","twitter_misc":{"Gesch\u00e4tzte Lesezeit":"1\u00a0Minute"},"schema":{"@context":"https:\/\/schema.org","@graph":[{"@type":"WebPage","@id":"http:\/\/i-washmycar.com\/","url":"http:\/\/i-washmycar.com\/","name":"iWash, SB Waschanlage Hungen, Individuelle Fahrzeugw\u00e4sche","isPartOf":{"@id":"http:\/\/i-washmycar.com\/#website"},"datePublished":"2018-02-20T08:01:11+00:00","dateModified":"2025-05-25T11:29:51+00:00","description":"Bei Iwash erhalten sie eine individuelle Fahrzeugw\u00e4sche. Waschen sie ihr Auto bei iWash. Waschmarken f\u00fcr 0,50\u20ac bestellen, Felgenreiniger f\u00fcr 5,00\u20ac kaufen.iWash, SB Waschanlage Hungen, Individuelle Fahrzeugw\u00e4sche","breadcrumb":{"@id":"http:\/\/i-washmycar.com\/#breadcrumb"},"inLanguage":"de","potentialAction":[{"@type":"ReadAction","target":["http:\/\/i-washmycar.com\/"]}]},{"@type":"BreadcrumbList","@id":"http:\/\/i-washmycar.com\/#breadcrumb","itemListElement":[{"@type":"ListItem","position":1,"name":"Startseite","item":"http:\/\/i-washmycar.com\/"},{"@type":"ListItem","position":2,"name":"Startseite"}]},{"@type":"WebSite","@id":"http:\/\/i-washmycar.com\/#website","url":"http:\/\/i-washmycar.com\/","name":"iWash","description":"RS SB Wasch Hungen GbR","publisher":{"@id":"http:\/\/i-washmycar.com\/#organization"},"potentialAction":[{"@type":"SearchAction","target":{"@type":"EntryPoint","urlTemplate":"http:\/\/i-washmycar.com\/?s={search_term_string}"},"query-input":{"@type":"PropertyValueSpecification","valueRequired":true,"valueName":"search_term_string"}}],"inLanguage":"de"},{"@type":"Organization","@id":"http:\/\/i-washmycar.com\/#organization","name":"iWash","url":"http:\/\/i-washmycar.com\/","logo":{"@type":"ImageObject","inLanguage":"de","@id":"http:\/\/i-washmycar.com\/#\/schema\/logo\/image\/","url":"https:\/\/i-washmycar.com\/wp-content\/uploads\/2018\/02\/cropped-Logo-1.png","contentUrl":"https:\/\/i-washmycar.com\/wp-content\/uploads\/2018\/02\/cropped-Logo-1.png","width":1632,"height":787,"caption":"iWash"},"image":{"@id":"http:\/\/i-washmycar.com\/#\/schema\/logo\/image\/"}}]}},"_links":{"self":[{"href":"https:\/\/i-washmycar.com\/index.php\/wp-json\/wp\/v2\/pages\/5","targetHints":{"allow":["GET"]}}],"collection":[{"href":"https:\/\/i-washmycar.com\/index.php\/wp-json\/wp\/v2\/pages"}],"about":[{"href":"https:\/\/i-washmycar.com\/index.php\/wp-json\/wp\/v2\/types\/page"}],"author":[{"embeddable":true,"href":"https:\/\/i-washmycar.com\/index.php\/wp-json\/wp\/v2\/users\/1"}],"replies":[{"embeddable":true,"href":"https:\/\/i-washmycar.com\/index.php\/wp-json\/wp\/v2\/comments?post=5"}],"version-history":[{"count":61,"href":"https:\/\/i-washmycar.com\/index.php\/wp-json\/wp\/v2\/pages\/5\/revisions"}],"predecessor-version":[{"id":560,"href":"https:\/\/i-washmycar.com\/index.php\/wp-json\/wp\/v2\/pages\/5\/revisions\/560"}],"wp:attachment":[{"href":"https:\/\/i-washmycar.com\/index.php\/wp-json\/wp\/v2\/media?parent=5"}],"curies":[{"name":"wp","href":"https:\/\/api.w.org\/{rel}","templated":true}]}}